{"id":611,"date":"2011-08-25T11:30:59","date_gmt":"2011-08-25T09:30:59","guid":{"rendered":"https:\/\/develi.ch\/wordpress\/?page_id=611"},"modified":"2020-01-30T12:30:23","modified_gmt":"2020-01-30T11:30:23","slug":"der-blog","status":"publish","type":"page","link":"https:\/\/develi.ch\/?page_id=611","title":{"rendered":"Warum ein Blog?"},"content":{"rendered":"<p>Hauptsache Gr\u00fcn und Efeu!<\/p>\n<p>Der Blog dient dazu, meine Gedanken \u00fcber allt\u00e4gliches irgendwo festzuhalten. Und da ich keine Sch\u00f6nschrift habe, ist ein Tagebuch keine Option. Auch k\u00f6nnten andere, welche tats\u00e4chlich interesse an meinen Geschichten und Gedanken haben dann gar nichts dazu schreiben.. und und und \ud83d\ude09<\/p>\n<p>Auch war mal die Idee, nach meinem Umzug vom sch\u00f6nen Emmental in die Grossstadt Winti (Winterthur, ZH) den Leuten zu Hause einen Einblick in mein Leben hier zu geben.<\/p>\n<p>&nbsp;<\/p>\n<p>Ergo, eigentlich meine Geschichten im Netz, f\u00fcr mich und andere&#8230; \ud83d\ude09<\/p>\n<p>Viel gemotze, manche Film-, Buch- und Game- Vorstellungen und ganz viel ivi&#8230;.<\/p>\n<p>&nbsp;<\/p>\n<p>Wer&#8217;s nicht lesen will, muss auch nicht&#8230; Alle anderen sind herzlich willkommen =D<\/p>\n<p><span style=\"color: #888888;\">Und Schreib- und Grammatikfehler darf jeder behalten. Solltet ihr Sprach-Erkl\u00e4rungen ben\u00f6tigen, einfach mal fragen \ud83d\ude09<\/span><\/p>\n","protected":false},"excerpt":{"rendered":"<p>Hauptsache Gr\u00fcn und Efeu! Der Blog dient dazu, meine Gedanken \u00fcber allt\u00e4gliches irgendwo festzuhalten. Und da ich keine Sch\u00f6nschrift habe, ist ein Tagebuch keine Option. Auch k\u00f6nnten andere, welche tats\u00e4chlich interesse an meinen Geschichten und Gedanken haben dann gar nichts dazu schreiben.. und und und \ud83d\ude09 Auch war mal die Idee, nach meinem Umzug vom &#8230; <a title=\"Warum ein Blog?\" class=\"read-more\" href=\"https:\/\/develi.ch\/?page_id=611\">Read more<span class=\"screen-reader-text\">Warum ein Blog?<\/span><\/a><\/p>\n","protected":false},"author":1,"featured_media":0,"parent":0,"menu_order":0,"comment_status":"open","ping_status":"closed","template":"","meta":{"jetpack_post_was_ever_published":false,"footnotes":""},"class_list":["post-611","page","type-page","status-publish"],"jetpack_sharing_enabled":false,"jetpack_shortlink":"https:\/\/wp.me\/P674Fw-9R","jetpack_likes_enabled":true,"jetpack-related-posts":[{"id":2228,"url":"https:\/\/develi.ch\/?page_id=2228","url_meta":{"origin":611,"position":0},"title":"Zitate &#038; Stuff","author":"ivi","date":"15. Januar 2014","format":false,"excerpt":"Sinn und Zweck Die Zitate Seiten sind da um gesammelte Spr\u00fcche, Wortspielereien und Kreationen, sinnloses Gestusse und legend\u00e4re Situationen zu dokumentieren. Ich habe die meisten der Spr\u00fcche in Dialekt belassen, da die \u00dcbersetzung ins Schriftdeutsch das ganze halb so lustig gemacht h\u00e4tte. Trotzdem hoffe ich aber, das auch deutsche Besucher\u2026","rel":"","context":"\u00c4hnlicher Beitrag","block_context":{"text":"\u00c4hnlicher Beitrag","link":""},"img":{"alt_text":"","src":"","width":0,"height":0},"classes":[]},{"id":2270,"url":"https:\/\/develi.ch\/?page_id=2270","url_meta":{"origin":611,"position":1},"title":"\u00dcber dEvEli.ch","author":"ivi","date":"15. Januar 2014","format":false,"excerpt":"dEVEli - The green Site of Life! dEvEli ist eine Seite um Erinnerungen zu sammeln und Ereignisse zu dokumentieren. =) Eine Erinnerungsseite gab es schon seit ca 2003. Am Anfang hat die Seite noch www.flashy.ch.vu geheissen. Damals von Flashy und Chlatschy. (Waren wir nicht kreative Teenies mit unseren Spitznamen?) Dazu\u2026","rel":"","context":"\u00c4hnlicher Beitrag","block_context":{"text":"\u00c4hnlicher Beitrag","link":""},"img":{"alt_text":"","src":"https:\/\/i0.wp.com\/develi.ch\/Bilder\/klein_ivi.jpg?resize=350%2C200&ssl=1","width":350,"height":200},"classes":[]},{"id":6309,"url":"https:\/\/develi.ch\/?page_id=6309","url_meta":{"origin":611,"position":2},"title":"Datenschutzerkl\u00e4rung","author":"ivi","date":"14. Juni 2018","format":false,"excerpt":"Wer wir sind Die Adresse unserer Website ist: https:\/\/develi.ch. Welche personenbezogenen Daten wir sammeln und warum wir sie sammeln Kommentare Wenn Besucher Kommentare auf der Website schreiben, sammeln wir die Daten, die im Kommentar-Formular angezeigt werden, au\u00dferdem die IP-Adresse des Besuchers und den User-Agent-String (damit wird der Browser identifiziert), um\u2026","rel":"","context":"\u00c4hnlicher Beitrag","block_context":{"text":"\u00c4hnlicher Beitrag","link":""},"img":{"alt_text":"","src":"","width":0,"height":0},"classes":[]},{"id":2273,"url":"https:\/\/develi.ch\/?page_id=2273","url_meta":{"origin":611,"position":3},"title":"\u00dcber mich","author":"ivi","date":"15. Januar 2014","format":false,"excerpt":"That's me: Weitere Infos, WIESO develi und ich braucht es dann wohl nicht mehr ;) Wer trotzdem weitere Infos ben\u00f6tigt: Ich bin ein Quatschkopf, Baujahr '86, der das Leben geniesst und auch kleine Dinge sch\u00e4tzt. Solange die Welt mich l\u00e4sst wie ich bin, lass ich die Welt wie sie ist.\u2026","rel":"","context":"\u00c4hnlicher Beitrag","block_context":{"text":"\u00c4hnlicher Beitrag","link":""},"img":{"alt_text":"2006","src":"https:\/\/i0.wp.com\/develi.ch\/Bilder\/develi.jpg?resize=350%2C200&ssl=1","width":350,"height":200},"classes":[]},{"id":2253,"url":"https:\/\/develi.ch\/?page_id=2253","url_meta":{"origin":611,"position":4},"title":"Rechtliches","author":"ivi","date":"15. Januar 2014","format":false,"excerpt":"1. Inhalt des Onlineangebotes develi.ch \u00fcbernimmt keinerlei Gew\u00e4hr f\u00fcr die Aktualit\u00e4t, Korrektheit, Vollst\u00e4ndigkeit oder Qualit\u00e4t der bereitgestellten Informationen. Haftungsanspr\u00fcche gegen develi.ch, welche sich auf Sch\u00e4den materieller oder ideeller Art beziehen, die durch die Nutzung oder Nichtnutzung der dargebotenen Informationen bzw. durch die Nutzung fehlerhafter und unvollst\u00e4ndiger Informationen verursacht wurden sind\u2026","rel":"","context":"\u00c4hnlicher Beitrag","block_context":{"text":"\u00c4hnlicher Beitrag","link":""},"img":{"alt_text":"","src":"","width":0,"height":0},"classes":[]},{"id":2255,"url":"https:\/\/develi.ch\/?page_id=2255","url_meta":{"origin":611,"position":5},"title":"Impressum","author":"ivi","date":"15. Januar 2014","format":false,"excerpt":"ivi aka E. B\u00f6sch-Felser, 8400 Winterthur mail[AT]develi.ch \u00a0 ******************************************* 1. Inhalt des Onlineangebotes develi.ch \u00fcbernimmt keinerlei Gew\u00e4hr f\u00fcr die Aktualit\u00e4t, Korrektheit, Vollst\u00e4ndigkeit oder Qualit\u00e4t der bereitgestellten Informationen. Haftungsanspr\u00fcche gegen develi.ch, welche sich auf Sch\u00e4den materieller oder ideeller Art beziehen, die durch die Nutzung oder Nichtnutzung der dargebotenen Informationen bzw. durch\u2026","rel":"","context":"\u00c4hnlicher Beitrag","block_context":{"text":"\u00c4hnlicher Beitrag","link":""},"img":{"alt_text":"","src":"","width":0,"height":0},"classes":[]}],"_links":{"self":[{"href":"https:\/\/develi.ch\/index.php?rest_route=\/wp\/v2\/pages\/611","targetHints":{"allow":["GET"]}}],"collection":[{"href":"https:\/\/develi.ch\/index.php?rest_route=\/wp\/v2\/pages"}],"about":[{"href":"https:\/\/develi.ch\/index.php?rest_route=\/wp\/v2\/types\/page"}],"author":[{"embeddable":true,"href":"https:\/\/develi.ch\/index.php?rest_route=\/wp\/v2\/users\/1"}],"replies":[{"embeddable":true,"href":"https:\/\/develi.ch\/index.php?rest_route=%2Fwp%2Fv2%2Fcomments&post=611"}],"version-history":[{"count":3,"href":"https:\/\/develi.ch\/index.php?rest_route=\/wp\/v2\/pages\/611\/revisions"}],"predecessor-version":[{"id":6762,"href":"https:\/\/develi.ch\/index.php?rest_route=\/wp\/v2\/pages\/611\/revisions\/6762"}],"wp:attachment":[{"href":"https:\/\/develi.ch\/index.php?rest_route=%2Fwp%2Fv2%2Fmedia&parent=611"}],"curies":[{"name":"wp","href":"https:\/\/api.w.org\/{rel}","templated":true}]}}