{"id":2228,"date":"2014-01-15T16:29:11","date_gmt":"2014-01-15T14:29:11","guid":{"rendered":"https:\/\/develi.ch\/z\/?page_id=2228"},"modified":"2018-07-26T08:56:06","modified_gmt":"2018-07-26T06:56:06","slug":"zitate-stuff","status":"publish","type":"page","link":"https:\/\/develi.ch\/?page_id=2228","title":{"rendered":"Zitate &#038; Stuff"},"content":{"rendered":"<p>Sinn und Zweck<\/p>\n<p>Die Zitate Seiten sind da um gesammelte Spr\u00fcche, Wortspielereien und Kreationen, sinnloses Gestusse und legend\u00e4re Situationen zu dokumentieren.<br \/>\nIch habe die meisten der Spr\u00fcche in Dialekt belassen, da die \u00dcbersetzung ins Schriftdeutsch das ganze halb so lustig gemacht h\u00e4tte. Trotzdem hoffe ich aber, das auch deutsche Besucher ein Teil verstehen und so was zu lachen haben \ud83d\ude09<\/p>\n<p>Die Seiten f\u00fcr Gekritzel , wie auch\u00a0f\u00fcr Geschichten, sollen Geschriebenes oder Gezeichnetes in Erinnerung behalten.<\/p>\n<p>Wer noch weitere Spr\u00fcche und Erg\u00e4nzungen hat, ne kleine Mail an mich bitte =)<\/p>\n<p>Es gibt auch viele Insider Spr\u00fcche! Wer also Etwas nicht versteht, wegen der Sprache oder weils eben nicht logisch erscheint, darf gerne nach Fragen wie das Ganze gemeint ist. \ud83d\ude09<\/p>\n","protected":false},"excerpt":{"rendered":"<p>Sinn und Zweck Die Zitate Seiten sind da um gesammelte Spr\u00fcche, Wortspielereien und Kreationen, sinnloses Gestusse und legend\u00e4re Situationen zu dokumentieren. Ich habe die meisten der Spr\u00fcche in Dialekt belassen, da die \u00dcbersetzung ins Schriftdeutsch das ganze halb so lustig gemacht h\u00e4tte. Trotzdem hoffe ich aber, das auch deutsche Besucher ein Teil verstehen und so &#8230; <a title=\"Zitate &#038; Stuff\" class=\"read-more\" href=\"https:\/\/develi.ch\/?page_id=2228\">Read more<span class=\"screen-reader-text\">Zitate &#038; Stuff<\/span><\/a><\/p>\n","protected":false},"author":1,"featured_media":0,"parent":0,"menu_order":0,"comment_status":"closed","ping_status":"closed","template":"","meta":{"jetpack_post_was_ever_published":false,"footnotes":""},"class_list":["post-2228","page","type-page","status-publish"],"jetpack_sharing_enabled":true,"jetpack_shortlink":"https:\/\/wp.me\/P674Fw-zW","jetpack_likes_enabled":true,"jetpack-related-posts":[{"id":2273,"url":"https:\/\/develi.ch\/?page_id=2273","url_meta":{"origin":2228,"position":0},"title":"\u00dcber mich","author":"ivi","date":"15. Januar 2014","format":false,"excerpt":"That's me: Weitere Infos, WIESO develi und ich braucht es dann wohl nicht mehr ;) Wer trotzdem weitere Infos ben\u00f6tigt: Ich bin ein Quatschkopf, Baujahr '86, der das Leben geniesst und auch kleine Dinge sch\u00e4tzt. Solange die Welt mich l\u00e4sst wie ich bin, lass ich die Welt wie sie ist.\u2026","rel":"","context":"\u00c4hnlicher Beitrag","block_context":{"text":"\u00c4hnlicher Beitrag","link":""},"img":{"alt_text":"2006","src":"https:\/\/i0.wp.com\/develi.ch\/Bilder\/develi.jpg?resize=350%2C200&ssl=1","width":350,"height":200},"classes":[]},{"id":2253,"url":"https:\/\/develi.ch\/?page_id=2253","url_meta":{"origin":2228,"position":1},"title":"Rechtliches","author":"ivi","date":"15. Januar 2014","format":false,"excerpt":"1. Inhalt des Onlineangebotes develi.ch \u00fcbernimmt keinerlei Gew\u00e4hr f\u00fcr die Aktualit\u00e4t, Korrektheit, Vollst\u00e4ndigkeit oder Qualit\u00e4t der bereitgestellten Informationen. Haftungsanspr\u00fcche gegen develi.ch, welche sich auf Sch\u00e4den materieller oder ideeller Art beziehen, die durch die Nutzung oder Nichtnutzung der dargebotenen Informationen bzw. durch die Nutzung fehlerhafter und unvollst\u00e4ndiger Informationen verursacht wurden sind\u2026","rel":"","context":"\u00c4hnlicher Beitrag","block_context":{"text":"\u00c4hnlicher Beitrag","link":""},"img":{"alt_text":"","src":"","width":0,"height":0},"classes":[]},{"id":2255,"url":"https:\/\/develi.ch\/?page_id=2255","url_meta":{"origin":2228,"position":2},"title":"Impressum","author":"ivi","date":"15. Januar 2014","format":false,"excerpt":"ivi aka E. B\u00f6sch-Felser, 8400 Winterthur mail[AT]develi.ch \u00a0 ******************************************* 1. Inhalt des Onlineangebotes develi.ch \u00fcbernimmt keinerlei Gew\u00e4hr f\u00fcr die Aktualit\u00e4t, Korrektheit, Vollst\u00e4ndigkeit oder Qualit\u00e4t der bereitgestellten Informationen. Haftungsanspr\u00fcche gegen develi.ch, welche sich auf Sch\u00e4den materieller oder ideeller Art beziehen, die durch die Nutzung oder Nichtnutzung der dargebotenen Informationen bzw. durch\u2026","rel":"","context":"\u00c4hnlicher Beitrag","block_context":{"text":"\u00c4hnlicher Beitrag","link":""},"img":{"alt_text":"","src":"","width":0,"height":0},"classes":[]},{"id":6309,"url":"https:\/\/develi.ch\/?page_id=6309","url_meta":{"origin":2228,"position":3},"title":"Datenschutzerkl\u00e4rung","author":"ivi","date":"14. Juni 2018","format":false,"excerpt":"Wer wir sind Die Adresse unserer Website ist: https:\/\/develi.ch. Welche personenbezogenen Daten wir sammeln und warum wir sie sammeln Kommentare Wenn Besucher Kommentare auf der Website schreiben, sammeln wir die Daten, die im Kommentar-Formular angezeigt werden, au\u00dferdem die IP-Adresse des Besuchers und den User-Agent-String (damit wird der Browser identifiziert), um\u2026","rel":"","context":"\u00c4hnlicher Beitrag","block_context":{"text":"\u00c4hnlicher Beitrag","link":""},"img":{"alt_text":"","src":"","width":0,"height":0},"classes":[]},{"id":611,"url":"https:\/\/develi.ch\/?page_id=611","url_meta":{"origin":2228,"position":4},"title":"Warum ein Blog?","author":"ivi","date":"25. August 2011","format":false,"excerpt":"Hauptsache Gr\u00fcn und Efeu! Der Blog dient dazu, meine Gedanken \u00fcber allt\u00e4gliches irgendwo festzuhalten. Und da ich keine Sch\u00f6nschrift habe, ist ein Tagebuch keine Option. Auch k\u00f6nnten andere, welche tats\u00e4chlich interesse an meinen Geschichten und Gedanken haben dann gar nichts dazu schreiben.. und und und ;) Auch war mal die\u2026","rel":"","context":"Mit 4 Kommentaren","block_context":{"text":"Mit 4 Kommentaren","link":"https:\/\/develi.ch\/?page_id=611#comments"},"img":{"alt_text":"","src":"","width":0,"height":0},"classes":[]},{"id":5764,"url":"https:\/\/develi.ch\/?page_id=5764","url_meta":{"origin":2228,"position":5},"title":"Shooting Stuff","author":"ivi","date":"10. Juli 2017","format":false,"excerpt":"Zwischendurch mag ich es, mich vor der Kamera darzustellen. Die ersten Schritte im Bereich Modeln habe ich im 2008 gemacht und dieses Interesse dann leider nicht\u00a0 gross gepflegt. Erst im 2016 hab ich dieses Hobby wieder neuentdeckt und daher hab ich kurzentschlossen diese Seite auf develi.ch erg\u00e4nzt, um als Hobbymodel\u2026","rel":"","context":"\u00c4hnlicher Beitrag","block_context":{"text":"\u00c4hnlicher Beitrag","link":""},"img":{"alt_text":"","src":"https:\/\/i0.wp.com\/develi.ch\/wp-content\/uploads\/2017\/07\/nr3_zens-150x150.jpg?resize=350%2C200&ssl=1","width":350,"height":200,"srcset":"https:\/\/i0.wp.com\/develi.ch\/wp-content\/uploads\/2017\/07\/nr3_zens-150x150.jpg?resize=350%2C200&ssl=1 1x, https:\/\/i0.wp.com\/develi.ch\/wp-content\/uploads\/2017\/07\/nr3_zens-150x150.jpg?resize=525%2C300&ssl=1 1.5x, https:\/\/i0.wp.com\/develi.ch\/wp-content\/uploads\/2017\/07\/nr3_zens-150x150.jpg?resize=700%2C400&ssl=1 2x"},"classes":[]}],"_links":{"self":[{"href":"https:\/\/develi.ch\/index.php?rest_route=\/wp\/v2\/pages\/2228","targetHints":{"allow":["GET"]}}],"collection":[{"href":"https:\/\/develi.ch\/index.php?rest_route=\/wp\/v2\/pages"}],"about":[{"href":"https:\/\/develi.ch\/index.php?rest_route=\/wp\/v2\/types\/page"}],"author":[{"embeddable":true,"href":"https:\/\/develi.ch\/index.php?rest_route=\/wp\/v2\/users\/1"}],"replies":[{"embeddable":true,"href":"https:\/\/develi.ch\/index.php?rest_route=%2Fwp%2Fv2%2Fcomments&post=2228"}],"version-history":[{"count":4,"href":"https:\/\/develi.ch\/index.php?rest_route=\/wp\/v2\/pages\/2228\/revisions"}],"predecessor-version":[{"id":6394,"href":"https:\/\/develi.ch\/index.php?rest_route=\/wp\/v2\/pages\/2228\/revisions\/6394"}],"wp:attachment":[{"href":"https:\/\/develi.ch\/index.php?rest_route=%2Fwp%2Fv2%2Fmedia&parent=2228"}],"curies":[{"name":"wp","href":"https:\/\/api.w.org\/{rel}","templated":true}]}}